{"id":13,"date":"2025-07-17T03:11:49","date_gmt":"2025-07-17T03:11:49","guid":{"rendered":"https:\/\/travauxpublics.ca\/?page_id=13"},"modified":"2025-08-16T12:54:42","modified_gmt":"2025-08-16T12:54:42","slug":"temoignages-ce-que-pensent-nos-utilisateurs-travauxpublics-ca","status":"publish","type":"page","link":"https:\/\/travauxpublics.ca\/index.php\/temoignages-ce-que-pensent-nos-utilisateurs-travauxpublics-ca\/","title":{"rendered":"T\u00e9moignages"},"content":{"rendered":"<p>[et_pb_section fb_built=\u00a0\u00bb1&Prime; admin_label=\u00a0\u00bbHero\u00a0\u00bb _builder_version=\u00a0\u00bb4.27.4&Prime; _module_preset=\u00a0\u00bb_module_preset=\u00a0\u00bb background_color=\u00a0\u00bbrgba(255,255,255,0.44)\u00a0\u00bb background_color_gradient_direction=\u00a0\u00bb-90deg\u00a0\u00bb background_enable_image=\u00a0\u00bboff\u00a0\u00bb custom_margin=\u00a0\u00bb-55px|||||\u00a0\u00bb custom_padding=\u00a0\u00bb0vw||0vw||true|false\u00a0\u00bb locked=\u00a0\u00bboff\u00a0\u00bb collapsed=\u00a0\u00bbon\u00a0\u00bb global_colors_info=\u00a0\u00bb{}\u00a0\u00bb][et_pb_row _builder_version=\u00a0\u00bb4.27.4&Prime; _module_preset=\u00a0\u00bbdefault\u00a0\u00bb custom_padding=\u00a0\u00bb33px|||||\u00a0\u00bb global_colors_info=\u00a0\u00bb{}\u00a0\u00bb][et_pb_column type=\u00a0\u00bb4_4&Prime; _builder_version=\u00a0\u00bb4.27.4&Prime; _module_preset=\u00a0\u00bbdefault\u00a0\u00bb global_colors_info=\u00a0\u00bb{}\u00a0\u00bb][et_pb_text _builder_version=\u00a0\u00bb4.27.4&Prime; _module_preset=\u00a0\u00bbdefault\u00a0\u00bb global_colors_info=\u00a0\u00bb{}\u00a0\u00bb]<\/p>\n<h1 style=\"text-align: center;\">T\u00e9moignages \u2013 TravauxPublics.ca<\/h1>\n<p>[\/et_pb_text][et_pb_text _builder_version=\u00a0\u00bb4.27.4&Prime; _module_preset=\u00a0\u00bbdefault\u00a0\u00bb global_colors_info=\u00a0\u00bb{}\u00a0\u00bb]<\/p>\n<h2 data-start=\"241\" data-end=\"268\">Ils nous font confiance<\/h2>\n<p data-start=\"270\" data-end=\"462\">TravauxPublics.ca est utilis\u00e9 par des gestionnaires et employ\u00e9s municipaux qui partagent un objectif commun\u202f: am\u00e9liorer la gestion des infrastructures, gagner du temps, et r\u00e9duire les erreurs.<\/p>\n<p>[\/et_pb_text][et_pb_text _builder_version=\u00a0\u00bb4.27.4&Prime; _module_preset=\u00a0\u00bbdefault\u00a0\u00bb global_colors_info=\u00a0\u00bb{}\u00a0\u00bb]<\/p>\n<h3 data-start=\"464\" data-end=\"506\">Voici ce qu\u2019ils pensent de notre solution.<\/h3>\n<p>[\/et_pb_text][\/et_pb_column][\/et_pb_row][\/et_pb_section][et_pb_section fb_built=\u00a0\u00bb1&Prime; admin_label=\u00a0\u00bbTestimonials\u00a0\u00bb _builder_version=\u00a0\u00bb4.17.6&Prime; _module_preset=\u00a0\u00bbdefault\u00a0\u00bb custom_padding=\u00a0\u00bb7px||18px|||\u00a0\u00bb locked=\u00a0\u00bboff\u00a0\u00bb collapsed=\u00a0\u00bbon\u00a0\u00bb global_colors_info=\u00a0\u00bb{}\u00a0\u00bb][et_pb_row column_structure=\u00a0\u00bb1_2,1_2&Prime; use_custom_gutter=\u00a0\u00bbon\u00a0\u00bb gutter_width=\u00a0\u00bb2&Prime; _builder_version=\u00a0\u00bb4.24.2&Prime; _module_preset=\u00a0\u00bb5138c454-be54-4233-bd3b-f8e6a8747976&Prime; global_colors_info=\u00a0\u00bb{}\u00a0\u00bb][et_pb_column type=\u00a0\u00bb1_2&Prime; _builder_version=\u00a0\u00bb4.24.2&Prime; _module_preset=\u00a0\u00bb73121f80-a3ef-4484-8763-c3f18e3c56d2&Prime; global_colors_info=\u00a0\u00bb{}\u00a0\u00bb][et_pb_testimonial author=\u00a0\u00bbMichel Boily\u00a0\u00bb job_title=\u00a0\u00bbCoordonateur \u00e0 l&rsquo;hygi\u00e8ne du milieu\u00a0\u00bb company_name=\u00a0\u00bbVille de Dolbeau-Mistassini\u00a0\u00bb portrait_url=\u00a0\u00bbhttps:\/\/travauxpublics.ca\/wp-content\/uploads\/2025\/07\/michel-Boily-150&#215;150-1.jpg\u00a0\u00bb quote_icon_color=\u00a0\u00bb#0C71C3&Prime; module_class=\u00a0\u00bbai_ignore_font_icon\u00a0\u00bb _builder_version=\u00a0\u00bb4.27.4&Prime; _module_preset=\u00a0\u00bb0e35d7c8-43f7-4642-88fa-284809e5aebb\u00a0\u00bb locked=\u00a0\u00bboff\u00a0\u00bb global_colors_info=\u00a0\u00bb{%22gcid-36fd78a7-34bc-404d-873c-dafa34efaae5%22:%91%22icon_color%22,%22icon_color%22,%22icon_color%22,%22icon_color%22,%22icon_color%22,%22icon_color%22,%22icon_color%22%93,%22gcid-828accbb-1ed2-407d-95be-20ab4e191566%22:%91%22border_color_all%22%93,%22gcid-body-color%22:%91%22body_text_color%22%93,%22gcid-heading-color%22:%91%22author_text_color%22%93}\u00a0\u00bb text_font_size_tablet=\u00a0\u00bb16px\u00a0\u00bb text_font_size_phone=\u00a0\u00bb14px\u00a0\u00bb text_font_size_last_edited=\u00a0\u00bbon|phone\u00a0\u00bb]<\/p>\n<p>\u00ab\u00a0TravauxPublics.ca est tr\u00e8s r\u00e9actif quand je lui demande une am\u00e9lioration. Je peux facilement faire le suivi des travaux en court et mieux planifier ceux \u00e0 venir.\u00a0\u00bb<\/p>\n<p>[\/et_pb_testimonial][et_pb_testimonial author=\u00a0\u00bbAlexandre Lalibert\u00e9\u00a0\u00bb job_title=\u00a0\u00bbTechnicien \u00e0 l&rsquo;hygi\u00e8ne du milieu\u00a0\u00bb company_name=\u00a0\u00bbVille de Dolbeau-Mistassini\u00a0\u00bb portrait_url=\u00a0\u00bbhttps:\/\/travauxpublics.ca\/wp-content\/uploads\/2025\/07\/Alexandre-Laliberte-150&#215;150-1.jpg\u00a0\u00bb quote_icon_color=\u00a0\u00bb#0C71C3&Prime; module_class=\u00a0\u00bbai_ignore_font_icon\u00a0\u00bb _builder_version=\u00a0\u00bb4.27.4&Prime; _module_preset=\u00a0\u00bb0e35d7c8-43f7-4642-88fa-284809e5aebb\u00a0\u00bb locked=\u00a0\u00bboff\u00a0\u00bb global_colors_info=\u00a0\u00bb{%22gcid-36fd78a7-34bc-404d-873c-dafa34efaae5%22:%91%22icon_color%22,%22icon_color%22,%22icon_color%22,%22icon_color%22,%22icon_color%22%93,%22gcid-828accbb-1ed2-407d-95be-20ab4e191566%22:%91%22border_color_all%22%93,%22gcid-body-color%22:%91%22body_text_color%22%93,%22gcid-heading-color%22:%91%22author_text_color%22%93}\u00a0\u00bb text_font_size_tablet=\u00a0\u00bb16px\u00a0\u00bb text_font_size_phone=\u00a0\u00bb14px\u00a0\u00bb text_font_size_last_edited=\u00a0\u00bbon|phone\u00a0\u00bb]<\/p>\n<p>\u00ab\u00a0Mon travail est grandement facilit\u00e9 avec les cartes d\u00e9di\u00e9es aux diff\u00e9rentres infrastructures. Il est facile de faire le suivi et de reprendre l&rsquo;entretien apr\u00e8s une urgence. L&rsquo;application est intuitif et la prise en mains par les nouveaux employ\u00e9s est rapide. La prise de photo et les albums d\u00e9dier \u00e0 chaque infrastructure documente le travail \u00e0 r\u00e9aliser\u00a0\u00bb<\/p>\n<p>[\/et_pb_testimonial][et_pb_testimonial author=\u00a0\u00bbGabriel Deschesne\u00a0\u00bb job_title=\u00a0\u00bbOp\u00e9rateur r\u00e9seau, Hygi\u00e8ne du milieu\u00a0\u00bb company_name=\u00a0\u00bbVille de Dolbeau-Mistassini\u00a0\u00bb portrait_url=\u00a0\u00bbhttps:\/\/travauxpublics.ca\/wp-content\/uploads\/2025\/08\/20250805_1535522-1.jpg\u00a0\u00bb quote_icon_color=\u00a0\u00bb#0C71C3&Prime; module_class=\u00a0\u00bbai_ignore_font_icon\u00a0\u00bb _builder_version=\u00a0\u00bb4.27.4&Prime; _module_preset=\u00a0\u00bb0e35d7c8-43f7-4642-88fa-284809e5aebb\u00a0\u00bb locked=\u00a0\u00bboff\u00a0\u00bb global_colors_info=\u00a0\u00bb{%22gcid-36fd78a7-34bc-404d-873c-dafa34efaae5%22:%91%22icon_color%22,%22icon_color%22,%22icon_color%22,%22icon_color%22,%22icon_color%22,%22icon_color%22,%22icon_color%22,%22icon_color%22,%22icon_color%22%93,%22gcid-828accbb-1ed2-407d-95be-20ab4e191566%22:%91%22border_color_all%22%93,%22gcid-body-color%22:%91%22body_text_color%22%93,%22gcid-heading-color%22:%91%22author_text_color%22%93}\u00a0\u00bb text_font_size_tablet=\u00a0\u00bb16px\u00a0\u00bb text_font_size_phone=\u00a0\u00bb14px\u00a0\u00bb text_font_size_last_edited=\u00a0\u00bbon|phone\u00a0\u00bb]<\/p>\n<p>\u00ab\u202fL&rsquo;application est tr\u00e8s utile pour trouver les regards et les vannes d&rsquo;aqueduc sous la neige\u00bb<\/p>\n<p>[\/et_pb_testimonial][\/et_pb_column][et_pb_column type=\u00a0\u00bb1_2&Prime; _builder_version=\u00a0\u00bb4.16&Prime; _module_preset=\u00a0\u00bb73121f80-a3ef-4484-8763-c3f18e3c56d2&Prime; global_colors_info=\u00a0\u00bb{}\u00a0\u00bb][et_pb_testimonial author=\u00a0\u00bbFrancis Bouchard\u00a0\u00bb job_title=\u00a0\u00bbContrema\u00eetre \u00e0 l&rsquo;am\u00e9nagement et Entretien du territoire\u00a0\u00bb company_name=\u00a0\u00bbVille de Dolbeau-Mistassini\u00a0\u00bb portrait_url=\u00a0\u00bbhttps:\/\/travauxpublics.ca\/wp-content\/uploads\/2025\/07\/Francis-Bouchard-150&#215;150-1.jpg\u00a0\u00bb quote_icon_color=\u00a0\u00bb#0C71C3&Prime; module_class=\u00a0\u00bbai_ignore_font_icon\u00a0\u00bb _builder_version=\u00a0\u00bb4.27.4&Prime; _module_preset=\u00a0\u00bb0e35d7c8-43f7-4642-88fa-284809e5aebb\u00a0\u00bb locked=\u00a0\u00bboff\u00a0\u00bb global_colors_info=\u00a0\u00bb{%22gcid-36fd78a7-34bc-404d-873c-dafa34efaae5%22:%91%22icon_color%22,%22icon_color%22,%22icon_color%22,%22icon_color%22,%22icon_color%22,%22icon_color%22,%22icon_color%22,%22icon_color%22,%22icon_color%22%93,%22gcid-828accbb-1ed2-407d-95be-20ab4e191566%22:%91%22border_color_all%22%93,%22gcid-body-color%22:%91%22body_text_color%22%93,%22gcid-heading-color%22:%91%22author_text_color%22%93}\u00a0\u00bb text_font_size_tablet=\u00a0\u00bb16px\u00a0\u00bb text_font_size_phone=\u00a0\u00bb14px\u00a0\u00bb text_font_size_last_edited=\u00a0\u00bbon|phone\u00a0\u00bb]<\/p>\n<p>\u00ab\u00a0L&rsquo;application a simplifi\u00e9 notre processus de gestion des infrastructures. Nous avons d\u00e9sormais une visibilit\u00e9 compl\u00e8te sur l&rsquo;\u00e9tat de nos \u00e9quipements, ce qui nous permet de planifier les interventions de mani\u00e8re proactive. Mes chefs d&rsquo;\u00e9quipes sont plus autonome en s\u00e9lectionnant les pi\u00e8ces et \u00e9quipement pour les r\u00e9parations\u00a0\u00bb<\/p>\n<p>[\/et_pb_testimonial][et_pb_testimonial author=\u00a0\u00bbS\u00e9batien B\u00e9lang\u00e9\u00a0\u00bb job_title=\u00a0\u00bbOp\u00e9rateur r\u00e9seau, Hygi\u00e8ne du milieu\u00a0\u00bb company_name=\u00a0\u00bbVille de Dolbeau-Mistassini\u00a0\u00bb portrait_url=\u00a0\u00bbhttps:\/\/travauxpublics.ca\/wp-content\/uploads\/2025\/07\/Sebastien-Belanger-300&#215;300-1.jpg\u00a0\u00bb quote_icon_color=\u00a0\u00bb#0C71C3&Prime; module_class=\u00a0\u00bbai_ignore_font_icon\u00a0\u00bb _builder_version=\u00a0\u00bb4.27.4&Prime; _module_preset=\u00a0\u00bb0e35d7c8-43f7-4642-88fa-284809e5aebb\u00a0\u00bb locked=\u00a0\u00bboff\u00a0\u00bb global_colors_info=\u00a0\u00bb{%22gcid-36fd78a7-34bc-404d-873c-dafa34efaae5%22:%91%22icon_color%22,%22icon_color%22,%22icon_color%22,%22icon_color%22,%22icon_color%22,%22icon_color%22,%22icon_color%22,%22icon_color%22,%22icon_color%22%93,%22gcid-828accbb-1ed2-407d-95be-20ab4e191566%22:%91%22border_color_all%22%93,%22gcid-body-color%22:%91%22body_text_color%22%93,%22gcid-heading-color%22:%91%22author_text_color%22%93}\u00a0\u00bb text_font_size_tablet=\u00a0\u00bb16px\u00a0\u00bb text_font_size_phone=\u00a0\u00bb14px\u00a0\u00bb text_font_size_last_edited=\u00a0\u00bbon|phone\u00a0\u00bb]<\/p>\n<p>\u00ab\u202fLa plateforme TravauxPublics.ca est intuitive et performante. Elle permet un suivi rigoureux de nos interventions, tout en facilitant la consultation sur le terrain.<\/p>\n<p>Yves (TravauxPublics.ca) est ouvert \u00e0 toutes demandes d&rsquo;ajout et de modification.\u00bb<\/p>\n<p>[\/et_pb_testimonial][et_pb_testimonial author=\u00a0\u00bb\u00c9ric Tremblay\u00a0\u00bb job_title=\u00a0\u00bbOp\u00e9rateur r\u00e9seau, Hygi\u00e8ne du milieu\u00a0\u00bb company_name=\u00a0\u00bbVille de Dolbeau-Mistassini\u00a0\u00bb portrait_url=\u00a0\u00bbhttps:\/\/travauxpublics.ca\/wp-content\/uploads\/2025\/08\/20250805_1549442-1.jpg\u00a0\u00bb quote_icon_color=\u00a0\u00bb#0C71C3&Prime; module_class=\u00a0\u00bbai_ignore_font_icon\u00a0\u00bb _builder_version=\u00a0\u00bb4.27.4&Prime; _module_preset=\u00a0\u00bb0e35d7c8-43f7-4642-88fa-284809e5aebb\u00a0\u00bb locked=\u00a0\u00bboff\u00a0\u00bb global_colors_info=\u00a0\u00bb{%22gcid-36fd78a7-34bc-404d-873c-dafa34efaae5%22:%91%22icon_color%22,%22icon_color%22,%22icon_color%22,%22icon_color%22,%22icon_color%22,%22icon_color%22,%22icon_color%22,%22icon_color%22,%22icon_color%22%93,%22gcid-828accbb-1ed2-407d-95be-20ab4e191566%22:%91%22border_color_all%22%93,%22gcid-body-color%22:%91%22body_text_color%22%93,%22gcid-heading-color%22:%91%22author_text_color%22%93}\u00a0\u00bb text_font_size_tablet=\u00a0\u00bb16px\u00a0\u00bb text_font_size_phone=\u00a0\u00bb14px\u00a0\u00bb text_font_size_last_edited=\u00a0\u00bbon|phone\u00a0\u00bb]<\/p>\n<p>\u00ab\u202fJ&rsquo;ai rejoint l&rsquo;\u00e9quipe de l&rsquo;hygi\u00e8ne du milieu il a peu de temps. La prise en main de l&rsquo;application c&rsquo;est fait naturellement. C&rsquo;est tr\u00e8s facile d&rsquo;utilisation.\u202f\u00bb<\/p>\n<p>[\/et_pb_testimonial][\/et_pb_column][\/et_pb_row][\/et_pb_section][et_pb_section fb_built=\u00a0\u00bb1&Prime; admin_label=\u00a0\u00bbCall to Action\u00a0\u00bb _builder_version=\u00a0\u00bb4.23.1&Prime; _module_preset=\u00a0\u00bbdefault\u00a0\u00bb custom_padding=\u00a0\u00bb5px||10px|||\u00a0\u00bb locked=\u00a0\u00bboff\u00a0\u00bb collapsed=\u00a0\u00bbon\u00a0\u00bb global_colors_info=\u00a0\u00bb{}\u00a0\u00bb][et_pb_row _builder_version=\u00a0\u00bb4.18.0&Prime; _module_preset=\u00a0\u00bb5138c454-be54-4233-bd3b-f8e6a8747976&Prime; global_colors_info=\u00a0\u00bb{}\u00a0\u00bb][et_pb_column type=\u00a0\u00bb4_4&Prime; _builder_version=\u00a0\u00bb4.17.6&Prime; _module_preset=\u00a0\u00bb73121f80-a3ef-4484-8763-c3f18e3c56d2&Prime; global_colors_info=\u00a0\u00bb{}\u00a0\u00bb][et_pb_text _builder_version=\u00a0\u00bb4.27.4&Prime; _module_preset=\u00a0\u00bbdefault\u00a0\u00bb global_colors_info=\u00a0\u00bb{}\u00a0\u00bb]<\/p>\n<h3 data-start=\"1357\" data-end=\"1391\">Un outil valid\u00e9 sur le terrain<\/h3>\n<p data-start=\"1393\" data-end=\"1595\">Ces t\u00e9moignages d\u00e9montrent que TravauxPublics.ca n\u2019est pas une solution g\u00e9n\u00e9rique. C\u2019est une plateforme n\u00e9e d\u2019un v\u00e9ritable besoin, d\u00e9velopp\u00e9e en collaboration avec des utilisateurs du domaine municipal.<\/p>\n<p>[\/et_pb_text][\/et_pb_column][\/et_pb_row][et_pb_row _builder_version=\u00a0\u00bb4.27.4&Prime; _module_preset=\u00a0\u00bbdefault\u00a0\u00bb global_colors_info=\u00a0\u00bb{}\u00a0\u00bb][et_pb_column type=\u00a0\u00bb4_4&Prime; _builder_version=\u00a0\u00bb4.27.4&Prime; _module_preset=\u00a0\u00bbdefault\u00a0\u00bb global_colors_info=\u00a0\u00bb{}\u00a0\u00bb][et_pb_cta title=\u00a0\u00bbPlanifiez une d\u00e9monstration personnalis\u00e9e en moins de 2 minutes.\u00a0\u00bb button_url=\u00a0\u00bb\/index.php\/contact#form\u00a0\u00bb button_text=\u00a0\u00bbDemander une d\u00e9monstration\u00a0\u00bb _builder_version=\u00a0\u00bb4.27.4&Prime; _module_preset=\u00a0\u00bbdefault\u00a0\u00bb hover_enabled=\u00a0\u00bb0&Prime; global_colors_info=\u00a0\u00bb{}\u00a0\u00bb sticky_enabled=\u00a0\u00bb0&Prime;][\/et_pb_cta][\/et_pb_column][\/et_pb_row][et_pb_row _builder_version=\u00a0\u00bb4.27.4&Prime; _module_preset=\u00a0\u00bbdefault\u00a0\u00bb global_colors_info=\u00a0\u00bb{}\u00a0\u00bb][et_pb_column type=\u00a0\u00bb4_4&Prime; _builder_version=\u00a0\u00bb4.27.4&Prime; _module_preset=\u00a0\u00bbdefault\u00a0\u00bb global_colors_info=\u00a0\u00bb{}\u00a0\u00bb][et_pb_image src=\u00a0\u00bbhttps:\/\/travauxpublics.ca\/wp-content\/uploads\/2025\/07\/ChatGPT-Image-21-juill.-2025-21-h-05-min-13-s.png\u00a0\u00bb title_text=\u00a0\u00bbChatGPT Image 21 juill. 2025, 21 h 05 min 13 s\u00a0\u00bb align=\u00a0\u00bbcenter\u00a0\u00bb _builder_version=\u00a0\u00bb4.27.4&Prime; _module_preset=\u00a0\u00bbdefault\u00a0\u00bb width=\u00a0\u00bb50%\u00a0\u00bb width_tablet=\u00a0\u00bb50%\u00a0\u00bb width_phone=\u00a0\u00bb50%\u00a0\u00bb width_last_edited=\u00a0\u00bbon|tablet\u00a0\u00bb global_colors_info=\u00a0\u00bb{}\u00a0\u00bb][\/et_pb_image][\/et_pb_column][\/et_pb_row][\/et_pb_section]<\/p>\n","protected":false},"excerpt":{"rendered":"<p>T\u00e9moignages \u2013 TravauxPublics.caIls nous font confiance TravauxPublics.ca est utilis\u00e9 par des gestionnaires et employ\u00e9s municipaux qui partagent un objectif commun\u202f: am\u00e9liorer la gestion des infrastructures, gagner du temps, et r\u00e9duire les erreurs.Voici ce qu\u2019ils pensent de notre solution.\u00a0\u00bbTravauxPublics.ca est tr\u00e8s r\u00e9actif quand je lui demande une am\u00e9lioration. Je peux facilement faire le suivi des travaux [&hellip;]<\/p>\n","protected":false},"author":1,"featured_media":0,"parent":0,"menu_order":0,"comment_status":"closed","ping_status":"closed","template":"","meta":{"_et_pb_use_builder":"on","_et_pb_old_content":"","_et_gb_content_width":"","footnotes":""},"class_list":["post-13","page","type-page","status-publish","hentry"],"_links":{"self":[{"href":"https:\/\/travauxpublics.ca\/index.php\/wp-json\/wp\/v2\/pages\/13","targetHints":{"allow":["GET"]}}],"collection":[{"href":"https:\/\/travauxpublics.ca\/index.php\/wp-json\/wp\/v2\/pages"}],"about":[{"href":"https:\/\/travauxpublics.ca\/index.php\/wp-json\/wp\/v2\/types\/page"}],"author":[{"embeddable":true,"href":"https:\/\/travauxpublics.ca\/index.php\/wp-json\/wp\/v2\/users\/1"}],"replies":[{"embeddable":true,"href":"https:\/\/travauxpublics.ca\/index.php\/wp-json\/wp\/v2\/comments?post=13"}],"version-history":[{"count":20,"href":"https:\/\/travauxpublics.ca\/index.php\/wp-json\/wp\/v2\/pages\/13\/revisions"}],"predecessor-version":[{"id":942,"href":"https:\/\/travauxpublics.ca\/index.php\/wp-json\/wp\/v2\/pages\/13\/revisions\/942"}],"wp:attachment":[{"href":"https:\/\/travauxpublics.ca\/index.php\/wp-json\/wp\/v2\/media?parent=13"}],"curies":[{"name":"wp","href":"https:\/\/api.w.org\/{rel}","templated":true}]}}